{"id":329,"date":"2015-10-21T15:01:42","date_gmt":"2015-10-21T19:01:42","guid":{"rendered":"https:\/\/editionsandrefontaine.ca\/en\/a-propos\/"},"modified":"2023-02-15T14:34:04","modified_gmt":"2023-02-15T19:34:04","slug":"a-propos","status":"publish","type":"page","link":"https:\/\/editionsandrefontaine.ca\/en\/a-propos\/","title":{"rendered":"About us"},"content":{"rendered":"","protected":false},"excerpt":{"rendered":"","protected":false},"author":1,"featured_media":2048,"parent":0,"menu_order":5,"comment_status":"closed","ping_status":"closed","template":"page-apropos.php","meta":{"_acf_changed":false,"_monsterinsights_skip_tracking":false,"_monsterinsights_sitenote_active":false,"_monsterinsights_sitenote_note":"","_monsterinsights_sitenote_category":0,"footnotes":""},"class_list":["post-329","page","type-page","status-publish","has-post-thumbnail","hentry"],"acf":[],"yoast_head":"<!-- This site is optimized with the Yoast SEO plugin v24.6 - https:\/\/yoast.com\/wordpress\/plugins\/seo\/ -->\n<title>About us - Les \u00c9ditions Andr\u00e9 Fontaine<\/title>\n<meta name=\"description\" content=\"The main goal of our publishing house id to fill the lack of tools dedicated to police training.\" \/>\n<meta name=\"robots\" content=\"index, follow, max-snippet:-1, max-image-preview:large, max-video-preview:-1\" \/>\n<link rel=\"canonical\" href=\"https:\/\/editionsandrefontaine.ca\/a-propos\/\" \/>\n<meta property=\"og:locale\" content=\"en_US\" \/>\n<meta property=\"og:type\" content=\"article\" \/>\n<meta property=\"og:title\" content=\"About us - Les \u00c9ditions Andr\u00e9 Fontaine\" \/>\n<meta property=\"og:description\" content=\"The main goal of our publishing house id to fill the lack of tools dedicated to police training.\" \/>\n<meta property=\"og:url\" content=\"https:\/\/editionsandrefontaine.ca\/a-propos\/\" \/>\n<meta property=\"og:site_name\" content=\"Les \u00c9ditions Andr\u00e9 Fontaine\" \/>\n<meta property=\"article:publisher\" content=\"https:\/\/www.facebook.com\/editionsfonfon\/\" \/>\n<meta property=\"article:modified_time\" content=\"2023-02-15T19:34:04+00:00\" \/>\n<meta property=\"og:image\" content=\"https:\/\/editionsandrefontaine.ca\/wp-content\/uploads\/2018\/03\/gabriel-santiago.png\" \/>\n\t<meta property=\"og:image:width\" content=\"1980\" \/>\n\t<meta property=\"og:image:height\" content=\"460\" \/>\n\t<meta property=\"og:image:type\" content=\"image\/png\" \/>\n<meta name=\"twitter:card\" content=\"summary_large_image\" \/>\n<script type=\"application\/ld+json\" class=\"yoast-schema-graph\">{\"@context\":\"https:\/\/schema.org\",\"@graph\":[{\"@type\":\"WebPage\",\"@id\":\"https:\/\/editionsandrefontaine.ca\/a-propos\/\",\"url\":\"https:\/\/editionsandrefontaine.ca\/a-propos\/\",\"name\":\"About us - Les \u00c9ditions Andr\u00e9 Fontaine\",\"isPartOf\":{\"@id\":\"https:\/\/editionsandrefontaine.ca\/#website\"},\"primaryImageOfPage\":{\"@id\":\"https:\/\/editionsandrefontaine.ca\/a-propos\/#primaryimage\"},\"image\":{\"@id\":\"https:\/\/editionsandrefontaine.ca\/a-propos\/#primaryimage\"},\"thumbnailUrl\":\"https:\/\/editionsandrefontaine.ca\/wp-content\/uploads\/2018\/03\/gabriel-santiago.png\",\"datePublished\":\"2015-10-21T19:01:42+00:00\",\"dateModified\":\"2023-02-15T19:34:04+00:00\",\"description\":\"The main goal of our publishing house id to fill the lack of tools dedicated to police training.\",\"breadcrumb\":{\"@id\":\"https:\/\/editionsandrefontaine.ca\/a-propos\/#breadcrumb\"},\"inLanguage\":\"en-US\",\"potentialAction\":[{\"@type\":\"ReadAction\",\"target\":[\"https:\/\/editionsandrefontaine.ca\/a-propos\/\"]}]},{\"@type\":\"ImageObject\",\"inLanguage\":\"en-US\",\"@id\":\"https:\/\/editionsandrefontaine.ca\/a-propos\/#primaryimage\",\"url\":\"https:\/\/editionsandrefontaine.ca\/wp-content\/uploads\/2018\/03\/gabriel-santiago.png\",\"contentUrl\":\"https:\/\/editionsandrefontaine.ca\/wp-content\/uploads\/2018\/03\/gabriel-santiago.png\",\"width\":1980,\"height\":460},{\"@type\":\"BreadcrumbList\",\"@id\":\"https:\/\/editionsandrefontaine.ca\/a-propos\/#breadcrumb\",\"itemListElement\":[{\"@type\":\"ListItem\",\"position\":1,\"name\":\"Accueil\",\"item\":\"https:\/\/editionsandrefontaine.ca\/en\/\"},{\"@type\":\"ListItem\",\"position\":2,\"name\":\"About us\"}]},{\"@type\":\"WebSite\",\"@id\":\"https:\/\/editionsandrefontaine.ca\/#website\",\"url\":\"https:\/\/editionsandrefontaine.ca\/\",\"name\":\"Les \u00c9ditions Andr\u00e9 Fontaine\",\"description\":\"Ouvrages de r\u00e9f\u00e9rence\",\"potentialAction\":[{\"@type\":\"SearchAction\",\"target\":{\"@type\":\"EntryPoint\",\"urlTemplate\":\"https:\/\/editionsandrefontaine.ca\/?s={search_term_string}\"},\"query-input\":{\"@type\":\"PropertyValueSpecification\",\"valueRequired\":true,\"valueName\":\"search_term_string\"}}],\"inLanguage\":\"en-US\"}]}<\/script>\n<!-- \/ Yoast SEO plugin. -->","yoast_head_json":{"title":"About us - Les \u00c9ditions Andr\u00e9 Fontaine","description":"The main goal of our publishing house id to fill the lack of tools dedicated to police training.","robots":{"index":"index","follow":"follow","max-snippet":"max-snippet:-1","max-image-preview":"max-image-preview:large","max-video-preview":"max-video-preview:-1"},"canonical":"https:\/\/editionsandrefontaine.ca\/a-propos\/","og_locale":"en_US","og_type":"article","og_title":"About us - Les \u00c9ditions Andr\u00e9 Fontaine","og_description":"The main goal of our publishing house id to fill the lack of tools dedicated to police training.","og_url":"https:\/\/editionsandrefontaine.ca\/a-propos\/","og_site_name":"Les \u00c9ditions Andr\u00e9 Fontaine","article_publisher":"https:\/\/www.facebook.com\/editionsfonfon\/","article_modified_time":"2023-02-15T19:34:04+00:00","og_image":[{"width":1980,"height":460,"url":"https:\/\/editionsandrefontaine.ca\/wp-content\/uploads\/2018\/03\/gabriel-santiago.png","type":"image\/png"}],"twitter_card":"summary_large_image","schema":{"@context":"https:\/\/schema.org","@graph":[{"@type":"WebPage","@id":"https:\/\/editionsandrefontaine.ca\/a-propos\/","url":"https:\/\/editionsandrefontaine.ca\/a-propos\/","name":"About us - Les \u00c9ditions Andr\u00e9 Fontaine","isPartOf":{"@id":"https:\/\/editionsandrefontaine.ca\/#website"},"primaryImageOfPage":{"@id":"https:\/\/editionsandrefontaine.ca\/a-propos\/#primaryimage"},"image":{"@id":"https:\/\/editionsandrefontaine.ca\/a-propos\/#primaryimage"},"thumbnailUrl":"https:\/\/editionsandrefontaine.ca\/wp-content\/uploads\/2018\/03\/gabriel-santiago.png","datePublished":"2015-10-21T19:01:42+00:00","dateModified":"2023-02-15T19:34:04+00:00","description":"The main goal of our publishing house id to fill the lack of tools dedicated to police training.","breadcrumb":{"@id":"https:\/\/editionsandrefontaine.ca\/a-propos\/#breadcrumb"},"inLanguage":"en-US","potentialAction":[{"@type":"ReadAction","target":["https:\/\/editionsandrefontaine.ca\/a-propos\/"]}]},{"@type":"ImageObject","inLanguage":"en-US","@id":"https:\/\/editionsandrefontaine.ca\/a-propos\/#primaryimage","url":"https:\/\/editionsandrefontaine.ca\/wp-content\/uploads\/2018\/03\/gabriel-santiago.png","contentUrl":"https:\/\/editionsandrefontaine.ca\/wp-content\/uploads\/2018\/03\/gabriel-santiago.png","width":1980,"height":460},{"@type":"BreadcrumbList","@id":"https:\/\/editionsandrefontaine.ca\/a-propos\/#breadcrumb","itemListElement":[{"@type":"ListItem","position":1,"name":"Accueil","item":"https:\/\/editionsandrefontaine.ca\/en\/"},{"@type":"ListItem","position":2,"name":"About us"}]},{"@type":"WebSite","@id":"https:\/\/editionsandrefontaine.ca\/#website","url":"https:\/\/editionsandrefontaine.ca\/","name":"Les \u00c9ditions Andr\u00e9 Fontaine","description":"Ouvrages de r\u00e9f\u00e9rence","potentialAction":[{"@type":"SearchAction","target":{"@type":"EntryPoint","urlTemplate":"https:\/\/editionsandrefontaine.ca\/?s={search_term_string}"},"query-input":{"@type":"PropertyValueSpecification","valueRequired":true,"valueName":"search_term_string"}}],"inLanguage":"en-US"}]}},"_links":{"self":[{"href":"https:\/\/editionsandrefontaine.ca\/en\/wp-json\/wp\/v2\/pages\/329","targetHints":{"allow":["GET"]}}],"collection":[{"href":"https:\/\/editionsandrefontaine.ca\/en\/wp-json\/wp\/v2\/pages"}],"about":[{"href":"https:\/\/editionsandrefontaine.ca\/en\/wp-json\/wp\/v2\/types\/page"}],"author":[{"embeddable":true,"href":"https:\/\/editionsandrefontaine.ca\/en\/wp-json\/wp\/v2\/users\/1"}],"replies":[{"embeddable":true,"href":"https:\/\/editionsandrefontaine.ca\/en\/wp-json\/wp\/v2\/comments?post=329"}],"version-history":[{"count":5,"href":"https:\/\/editionsandrefontaine.ca\/en\/wp-json\/wp\/v2\/pages\/329\/revisions"}],"predecessor-version":[{"id":2242,"href":"https:\/\/editionsandrefontaine.ca\/en\/wp-json\/wp\/v2\/pages\/329\/revisions\/2242"}],"wp:featuredmedia":[{"embeddable":true,"href":"https:\/\/editionsandrefontaine.ca\/en\/wp-json\/wp\/v2\/media\/2048"}],"wp:attachment":[{"href":"https:\/\/editionsandrefontaine.ca\/en\/wp-json\/wp\/v2\/media?parent=329"}],"curies":[{"name":"wp","href":"https:\/\/api.w.org\/{rel}","templated":true}]}}